{"id":101,"date":"2018-05-24T10:14:47","date_gmt":"2018-05-24T10:14:47","guid":{"rendered":"http:\/\/laurenspatzlaff.com\/?page_id=101"},"modified":"2018-05-24T10:17:27","modified_gmt":"2018-05-24T10:17:27","slug":"datenschutzerklaerung","status":"publish","type":"page","link":"https:\/\/laurenspatzlaff.com\/de\/datenschutzerklaerung","title":{"rendered":"Datenschutzerkl\u00e4rung"},"content":{"rendered":"<h2>Wer ist f\u00fcr die Datenverarbeitung verantwortlich<\/h2>\n<p>Laurens Patzlaff<\/p>\n<p>M\u00fchlenbr\u00fccke 2<br \/>\n23552 L\u00fcbeck<br \/>\nGermany<\/p>\n<h2>Welche personenbezogenen Daten wir sammeln und warum wir sie sammeln<\/h2>\n<h3>Kontaktformulare<\/h3>\n<p>Die Daten (Name und Email-Adresse) werden zum Zwecke er Kontaktaufnahme und dem darauf folgenden Nachrichtenverlauf mit mir, Laurens Patzlaff, verwendet.<\/p>\n<h3>Analysedienste<\/h3>\n<p>Ich verwende keine Analysedienste.<\/p>\n<h2>Mit wem wir deine Daten teilen<\/h2>\n<p>Au\u00dfer mir, Laurens Patzlaff, erh\u00e4lt niemand ihre Daten.<\/p>\n<h2>Wie lange wir deine Daten speichern<\/h2>\n<p>Ich speichere ihre personenbezogenen Daten, solange es f\u00fcr die Erf\u00fcllung der gew\u00fcnschten Kommunikation erforderlich ist.<\/p>\n<h2>Welche Rechte du an deinen Daten hast<\/h2>\n<p>Wenn Sie ihre Kontaktdaten bei mir hinterlassen haben, haben Sie nach das Recht auf Auskunft nach Artikel 15 DSGVO, auf Berichtigung nach Artikel 16 DSGVO, das Recht auf L\u00f6schung nach Artikel 17 DSGVO, das Recht auf Einschr\u00e4nkung nach Artikel 18 DSGVO, das Recht auf Widerspruch aus Artikel 21 DSGVO sowie das Recht auf Daten\u00fcbertragbarkeit aus Artikel 20 DSGVO. Beim Auskunftsrecht und beim L\u00f6schungsrecht gelten die Einschr\u00e4nkungen nach \u00a7\u00a7 34 und 35 BDSG. Dar\u00fcber hinaus besteht ein Beschwerderecht bei einer Datenschutzaufsichtsbeh\u00f6rde.<\/p>\n<h2>Inwieweit gibt es eine automatisierte Entscheidungsfindung (einschlie\u00dflich Profiling)<\/h2>\n<p>Ich nutze keine vollautomatische Entscheidungsfindung gem\u00e4\u00df Artikel 22 DSGVO und somit weder Profiling (Vorhersagen mit Auswertung pers\u00f6nlicher Daten treffen) noch Scoring (Zuverl\u00e4ssigkeits- und Pers\u00f6nlichkeitsprofile aufgrund gesch\u00e4tzter Daten zu erstellen).<\/p>\n","protected":false},"excerpt":{"rendered":"<p>Wer ist f\u00fcr die Datenverarbeitung verantwortlich Laurens Patzlaff M\u00fchlenbr\u00fccke 2 23552 L\u00fcbeck Germany Welche personenbezogenen Daten wir sammeln und warum wir sie sammeln Kontaktformulare Die Daten (Name und Email-Adresse) werden zum Zwecke er Kontaktaufnahme und dem darauf folgenden Nachrichtenverlauf mit mir, Laurens Patzlaff, verwendet. Analysedienste Ich verwende keine Analysedienste. Mit wem wir deine Daten teilen &#8230; <a title=\"Datenschutzerkl\u00e4rung\" class=\"read-more\" href=\"https:\/\/laurenspatzlaff.com\/de\/datenschutzerklaerung\" aria-label=\"Mehr Informationen \u00fcber Datenschutzerkl\u00e4rung\">Weiterlesen<\/a><\/p>\n","protected":false},"author":1,"featured_media":0,"parent":0,"menu_order":0,"comment_status":"closed","ping_status":"closed","template":"","meta":{"footnotes":""},"class_list":["post-101","page","type-page","status-publish"],"_links":{"self":[{"href":"https:\/\/laurenspatzlaff.com\/de\/wp-json\/wp\/v2\/pages\/101","targetHints":{"allow":["GET"]}}],"collection":[{"href":"https:\/\/laurenspatzlaff.com\/de\/wp-json\/wp\/v2\/pages"}],"about":[{"href":"https:\/\/laurenspatzlaff.com\/de\/wp-json\/wp\/v2\/types\/page"}],"author":[{"embeddable":true,"href":"https:\/\/laurenspatzlaff.com\/de\/wp-json\/wp\/v2\/users\/1"}],"replies":[{"embeddable":true,"href":"https:\/\/laurenspatzlaff.com\/de\/wp-json\/wp\/v2\/comments?post=101"}],"version-history":[{"count":3,"href":"https:\/\/laurenspatzlaff.com\/de\/wp-json\/wp\/v2\/pages\/101\/revisions"}],"predecessor-version":[{"id":105,"href":"https:\/\/laurenspatzlaff.com\/de\/wp-json\/wp\/v2\/pages\/101\/revisions\/105"}],"wp:attachment":[{"href":"https:\/\/laurenspatzlaff.com\/de\/wp-json\/wp\/v2\/media?parent=101"}],"curies":[{"name":"wp","href":"https:\/\/api.w.org\/{rel}","templated":true}]}}