{"id":6,"date":"2020-05-13T16:02:00","date_gmt":"2020-05-13T16:02:00","guid":{"rendered":"http:\/\/laurenspatzlaff.apps-1and1.net\/?page_id=6"},"modified":"2020-05-13T14:02:08","modified_gmt":"2020-05-13T14:02:08","slug":"presse","status":"publish","type":"page","link":"https:\/\/laurenspatzlaff.com\/de\/","title":{"rendered":"Presse"},"content":{"rendered":"<p><img loading=\"lazy\" decoding=\"async\" class=\"alignnone size-large wp-image-123\" src=\"https:\/\/laurenspatzlaff.com\/wp-content\/uploads\/2020\/04\/Laurens2-1024x683.jpg\" alt=\"\" width=\"1024\" height=\"683\" srcset=\"https:\/\/laurenspatzlaff.com\/wp-content\/uploads\/2020\/04\/Laurens2-1024x683.jpg 1024w, https:\/\/laurenspatzlaff.com\/wp-content\/uploads\/2020\/04\/Laurens2-300x200.jpg 300w, https:\/\/laurenspatzlaff.com\/wp-content\/uploads\/2020\/04\/Laurens2-768x512.jpg 768w, https:\/\/laurenspatzlaff.com\/wp-content\/uploads\/2020\/04\/Laurens2-1536x1024.jpg 1536w, https:\/\/laurenspatzlaff.com\/wp-content\/uploads\/2020\/04\/Laurens2-2048x1366.jpg 2048w\" sizes=\"auto, (max-width: 1024px) 100vw, 1024px\" \/><\/p>\n<p><\/p>\n<blockquote><p>&#8222;Ein wirklich origineller Beitrag zum Beethovenjahr&#8230; nicht nur nachsch\u00f6pferisch, sondern wirklich sch\u00f6pferisch und eigenst\u00e4ndig auf Beethovenscher Grundlage.&#8220;<\/p><\/blockquote>\n<p>NDR, 2020<\/p>\n<blockquote>\n<div>&#8222;Patzlaff erweist sich hier selbst als &#8218;Zauberer&#8216; und &#8218;Meister&#8216;, der im Unterschied zum &#8218;Lehrling&#8216; alle Tricks und Kniffe beherrscht.&#8220;<\/div>\n<\/blockquote>\n<div>Piano News, 2015<\/div>\n<blockquote>\n<div><\/div>\n<div>&#8222;&#8230;zauberhaft! Eine faszinierende Einspielung! &#8230; Jede Improvisation hat ihren eigenen Charakter, den Patzlaff kunstvoll aus dem Moment heraus entstehen lassen kann&#8230;&#8220;<\/div>\n<\/blockquote>\n<div>Klassik.com, 2015<\/div>\n<div><\/div>\n<blockquote>\n<div>&#8222;Glanzvolle Improvisationen! &#8230; Die eigentlichen Glanzpunkte der Aufnahme&#8230;. Ein Meister der Improvisationskunst am Klavier und seine Auseinandersetzung mit Debussy.&#8220;<\/div>\n<\/blockquote>\n<div>Deutschlandfunk, 2012<\/div>\n<div><\/div>\n<blockquote>\n<div>&#8222;Sicherlich einer der spannendsten Beitr\u00e4ge zum Debussy-Jahr&#8220;<\/div>\n<\/blockquote>\n<div>Freie Presse, 2012<\/div>\n<p><\/p>","protected":false},"excerpt":{"rendered":"<p>&#8222;Ein wirklich origineller Beitrag zum Beethovenjahr&#8230; nicht nur nachsch\u00f6pferisch, sondern wirklich sch\u00f6pferisch und eigenst\u00e4ndig auf Beethovenscher Grundlage.&#8220; NDR, 2020 &#8222;Patzlaff erweist sich hier selbst als &#8218;Zauberer&#8216; und &#8218;Meister&#8216;, der im Unterschied zum &#8218;Lehrling&#8216; alle Tricks und Kniffe beherrscht.&#8220; Piano News, 2015 &#8222;&#8230;zauberhaft! Eine faszinierende Einspielung! &#8230; Jede Improvisation hat ihren eigenen Charakter, den Patzlaff kunstvoll &#8230; <a title=\"Presse\" class=\"read-more\" href=\"https:\/\/laurenspatzlaff.com\/de\/\" aria-label=\"Mehr Informationen \u00fcber Presse\">Weiterlesen<\/a><\/p>\n","protected":false},"author":2,"featured_media":0,"parent":0,"menu_order":0,"comment_status":"closed","ping_status":"closed","template":"","meta":{"footnotes":""},"class_list":["post-6","page","type-page","status-publish"],"_links":{"self":[{"href":"https:\/\/laurenspatzlaff.com\/de\/wp-json\/wp\/v2\/pages\/6","targetHints":{"allow":["GET"]}}],"collection":[{"href":"https:\/\/laurenspatzlaff.com\/de\/wp-json\/wp\/v2\/pages"}],"about":[{"href":"https:\/\/laurenspatzlaff.com\/de\/wp-json\/wp\/v2\/types\/page"}],"author":[{"embeddable":true,"href":"https:\/\/laurenspatzlaff.com\/de\/wp-json\/wp\/v2\/users\/2"}],"replies":[{"embeddable":true,"href":"https:\/\/laurenspatzlaff.com\/de\/wp-json\/wp\/v2\/comments?post=6"}],"version-history":[{"count":10,"href":"https:\/\/laurenspatzlaff.com\/de\/wp-json\/wp\/v2\/pages\/6\/revisions"}],"predecessor-version":[{"id":155,"href":"https:\/\/laurenspatzlaff.com\/de\/wp-json\/wp\/v2\/pages\/6\/revisions\/155"}],"wp:attachment":[{"href":"https:\/\/laurenspatzlaff.com\/de\/wp-json\/wp\/v2\/media?parent=6"}],"curies":[{"name":"wp","href":"https:\/\/api.w.org\/{rel}","templated":true}]}}