{"id":8,"date":"2016-07-18T09:22:29","date_gmt":"2016-07-18T09:22:29","guid":{"rendered":"http:\/\/laurenspatzlaff.apps-1and1.net\/?page_id=8"},"modified":"2020-04-08T14:31:47","modified_gmt":"2020-04-08T14:31:47","slug":"musik","status":"publish","type":"page","link":"https:\/\/laurenspatzlaff.com\/de\/musik","title":{"rendered":"Musik"},"content":{"rendered":"<p><img loading=\"lazy\" decoding=\"async\" class=\"alignnone size-large wp-image-124\" src=\"https:\/\/laurenspatzlaff.com\/wp-content\/uploads\/2020\/04\/Laurens3-1024x683.jpg\" alt=\"\" width=\"1024\" height=\"683\" srcset=\"https:\/\/laurenspatzlaff.com\/wp-content\/uploads\/2020\/04\/Laurens3-1024x683.jpg 1024w, https:\/\/laurenspatzlaff.com\/wp-content\/uploads\/2020\/04\/Laurens3-300x200.jpg 300w, https:\/\/laurenspatzlaff.com\/wp-content\/uploads\/2020\/04\/Laurens3-768x512.jpg 768w, https:\/\/laurenspatzlaff.com\/wp-content\/uploads\/2020\/04\/Laurens3-1536x1024.jpg 1536w, https:\/\/laurenspatzlaff.com\/wp-content\/uploads\/2020\/04\/Laurens3-2048x1366.jpg 2048w\" sizes=\"auto, (max-width: 1024px) 100vw, 1024px\" \/><\/p>\n<p>\u201eoverture\u201c<br \/>\n(Track 01\u00a0der\u00a0CD \u201eThe Sorcerer&#8217;s Apprentice\u201c gespielt von\u00a0Laurens Patzlaff)<\/p>\n<audio class=\"wp-audio-shortcode\" id=\"audio-8-11\" preload=\"none\" style=\"width: 100%;\" controls=\"controls\"><source type=\"audio\/mpeg\" src=\"https:\/\/laurenspatzlaff.com\/wp-content\/uploads\/2016\/07\/01-overture.mp3?_=11\" \/><a href=\"https:\/\/laurenspatzlaff.com\/wp-content\/uploads\/2016\/07\/01-overture.mp3\">https:\/\/laurenspatzlaff.com\/wp-content\/uploads\/2016\/07\/01-overture.mp3<\/a><\/audio>\n<p>\u201eoff to adelaide\u201c<br \/>\n(Track 04 der\u00a0CD \u201eThe Sorcerer&#8217;s Apprentice\u201c gespielt von\u00a0Laurens Patzlaff)<\/p>\n<audio class=\"wp-audio-shortcode\" id=\"audio-8-12\" preload=\"none\" style=\"width: 100%;\" controls=\"controls\"><source type=\"audio\/mpeg\" src=\"https:\/\/laurenspatzlaff.com\/wp-content\/uploads\/2016\/07\/04-off-to-adelaide.mp3?_=12\" \/><a href=\"https:\/\/laurenspatzlaff.com\/wp-content\/uploads\/2016\/07\/04-off-to-adelaide.mp3\">https:\/\/laurenspatzlaff.com\/wp-content\/uploads\/2016\/07\/04-off-to-adelaide.mp3<\/a><\/audio>\n<hr \/>\n<p>\u201eithron\u201c<br \/>\n(Track 12 der\u00a0CD \u201eThe Sorcerer&#8217;s Apprentice\u201c gespielt von\u00a0Laurens Patzlaff)<\/p>\n<audio class=\"wp-audio-shortcode\" id=\"audio-8-13\" preload=\"none\" style=\"width: 100%;\" controls=\"controls\"><source type=\"audio\/mpeg\" src=\"https:\/\/laurenspatzlaff.com\/wp-content\/uploads\/2016\/07\/12-ithon.mp3?_=13\" \/><a href=\"https:\/\/laurenspatzlaff.com\/wp-content\/uploads\/2016\/07\/12-ithon.mp3\">https:\/\/laurenspatzlaff.com\/wp-content\/uploads\/2016\/07\/12-ithon.mp3<\/a><\/audio>\n<hr \/>\n<p>&#8222;Le petit n\u00e8gre&#8220;<br \/>\n(Track 09 der\u00a0CD \u201cReflections on Debussy\u201d gespielt von\u00a0Laurens Patzlaff)<\/p>\n<audio class=\"wp-audio-shortcode\" id=\"audio-8-14\" preload=\"none\" style=\"width: 100%;\" controls=\"controls\"><source type=\"audio\/mpeg\" src=\"https:\/\/laurenspatzlaff.com\/wp-content\/uploads\/2016\/07\/09-L.114-Le-petit-n\u00e8gre.mp3?_=14\" \/><a href=\"https:\/\/laurenspatzlaff.com\/wp-content\/uploads\/2016\/07\/09-L.114-Le-petit-n\u00e8gre.mp3\">https:\/\/laurenspatzlaff.com\/wp-content\/uploads\/2016\/07\/09-L.114-Le-petit-n\u00e8gre.mp3<\/a><\/audio>\n<hr \/>\n<p>Improvisation auf &#8222;Le petit n\u00e8gre&#8220;<br \/>\n(Track 10 der\u00a0CD \u201cReflections on Debussy\u201d gespielt von Laurens Patzlaff)<\/p>\n<audio class=\"wp-audio-shortcode\" id=\"audio-8-15\" preload=\"none\" style=\"width: 100%;\" controls=\"controls\"><source type=\"audio\/mpeg\" src=\"https:\/\/laurenspatzlaff.com\/wp-content\/uploads\/2016\/07\/10-Improvisation-V.mp3?_=15\" \/><a href=\"https:\/\/laurenspatzlaff.com\/wp-content\/uploads\/2016\/07\/10-Improvisation-V.mp3\">https:\/\/laurenspatzlaff.com\/wp-content\/uploads\/2016\/07\/10-Improvisation-V.mp3<\/a><\/audio>\n<hr \/>\n<p>&#8222;La s\u00e9r\u00e9nade interrompue&#8220;<br \/>\n(Track 05 der\u00a0CD \u201cReflections on Debussy\u201d gespielt von Laurens Patzlaff)<\/p>\n<audio class=\"wp-audio-shortcode\" id=\"audio-8-16\" preload=\"none\" style=\"width: 100%;\" controls=\"controls\"><source type=\"audio\/mpeg\" src=\"https:\/\/laurenspatzlaff.com\/wp-content\/uploads\/2016\/07\/05-Pr\u00e9ludes-Book-1-L.117-No.9-La-s\u00e9r\u00e9nade-interrompue.mp3?_=16\" \/><a href=\"https:\/\/laurenspatzlaff.com\/wp-content\/uploads\/2016\/07\/05-Pr\u00e9ludes-Book-1-L.117-No.9-La-s\u00e9r\u00e9nade-interrompue.mp3\">https:\/\/laurenspatzlaff.com\/wp-content\/uploads\/2016\/07\/05-Pr\u00e9ludes-Book-1-L.117-No.9-La-s\u00e9r\u00e9nade-interrompue.mp3<\/a><\/audio>\n<hr \/>\n<p>Improvisation auf &#8222;La s\u00e9r\u00e9nade interrompue&#8220;<br \/>\n(Track 06 der\u00a0CD \u201cReflections on Debussy\u201d gespielt von Laurens Patzlaff)<\/p>\n<audio class=\"wp-audio-shortcode\" id=\"audio-8-17\" preload=\"none\" style=\"width: 100%;\" controls=\"controls\"><source type=\"audio\/mpeg\" src=\"https:\/\/laurenspatzlaff.com\/wp-content\/uploads\/2016\/07\/06-Improvisation-III.mp3?_=17\" \/><a href=\"https:\/\/laurenspatzlaff.com\/wp-content\/uploads\/2016\/07\/06-Improvisation-III.mp3\">https:\/\/laurenspatzlaff.com\/wp-content\/uploads\/2016\/07\/06-Improvisation-III.mp3<\/a><\/audio>\n<hr \/>\n<p>Improvisation auf\u00a0\u201eWatzing Matilda\u201c<br \/>\n(live gespielt von Laurens Patzlaff in Sydney 2009)<\/p>\n<audio class=\"wp-audio-shortcode\" id=\"audio-8-18\" preload=\"none\" style=\"width: 100%;\" controls=\"controls\"><source type=\"audio\/mpeg\" src=\"https:\/\/laurenspatzlaff.com\/wp-content\/uploads\/2016\/07\/02_Improvisation_on_Watzing-Matilda__Laurens_Patzlaff.mp3?_=18\" \/><a href=\"https:\/\/laurenspatzlaff.com\/wp-content\/uploads\/2016\/07\/02_Improvisation_on_Watzing-Matilda__Laurens_Patzlaff.mp3\">https:\/\/laurenspatzlaff.com\/wp-content\/uploads\/2016\/07\/02_Improvisation_on_Watzing-Matilda__Laurens_Patzlaff.mp3<\/a><\/audio>\n<hr \/>\n<p>Improvisation auf mehrere\u00a0Themen\u00a0von Gershwin<br \/>\n(live gespielt\u00a0von Laurens Patzlaff in Stuttgart 2008)<\/p>\n<audio class=\"wp-audio-shortcode\" id=\"audio-8-19\" preload=\"none\" style=\"width: 100%;\" controls=\"controls\"><source type=\"audio\/mpeg\" src=\"https:\/\/laurenspatzlaff.com\/wp-content\/uploads\/2016\/07\/01_Improvisation_on_Gershwin__Laurens_Patzlaff.mp3?_=19\" \/><a href=\"https:\/\/laurenspatzlaff.com\/wp-content\/uploads\/2016\/07\/01_Improvisation_on_Gershwin__Laurens_Patzlaff.mp3\">https:\/\/laurenspatzlaff.com\/wp-content\/uploads\/2016\/07\/01_Improvisation_on_Gershwin__Laurens_Patzlaff.mp3<\/a><\/audio>\n<hr \/>\n<p>Haydn Piano Sonata C-Major, Nr. 1 Allegro<br \/>\n(live gespielt von Laurens Patzlaff in Stuttgart 2008)<\/p>\n<audio class=\"wp-audio-shortcode\" id=\"audio-8-20\" preload=\"none\" style=\"width: 100%;\" controls=\"controls\"><source type=\"audio\/mpeg\" src=\"https:\/\/laurenspatzlaff.com\/wp-content\/uploads\/2016\/07\/03_Haydn_C-Major_Patzlaff.mp3?_=20\" \/><a href=\"https:\/\/laurenspatzlaff.com\/wp-content\/uploads\/2016\/07\/03_Haydn_C-Major_Patzlaff.mp3\">https:\/\/laurenspatzlaff.com\/wp-content\/uploads\/2016\/07\/03_Haydn_C-Major_Patzlaff.mp3<\/a><\/audio>\n<p><\/p>","protected":false},"excerpt":{"rendered":"<p>\u201eoverture\u201c (Track 01\u00a0der\u00a0CD \u201eThe Sorcerer&#8217;s Apprentice\u201c gespielt von\u00a0Laurens Patzlaff) \u201eoff to adelaide\u201c (Track 04 der\u00a0CD \u201eThe Sorcerer&#8217;s Apprentice\u201c gespielt von\u00a0Laurens Patzlaff) \u201eithron\u201c (Track 12 der\u00a0CD \u201eThe Sorcerer&#8217;s Apprentice\u201c gespielt von\u00a0Laurens Patzlaff) &#8222;Le petit n\u00e8gre&#8220; (Track 09 der\u00a0CD \u201cReflections on Debussy\u201d gespielt von\u00a0Laurens Patzlaff) Improvisation auf &#8222;Le petit n\u00e8gre&#8220; (Track 10 der\u00a0CD \u201cReflections on Debussy\u201d gespielt &#8230; <a title=\"Musik\" class=\"read-more\" href=\"https:\/\/laurenspatzlaff.com\/de\/musik\" aria-label=\"Mehr Informationen \u00fcber Musik\">Weiterlesen<\/a><\/p>\n","protected":false},"author":1,"featured_media":0,"parent":0,"menu_order":0,"comment_status":"closed","ping_status":"closed","template":"","meta":{"footnotes":""},"class_list":["post-8","page","type-page","status-publish"],"_links":{"self":[{"href":"https:\/\/laurenspatzlaff.com\/de\/wp-json\/wp\/v2\/pages\/8","targetHints":{"allow":["GET"]}}],"collection":[{"href":"https:\/\/laurenspatzlaff.com\/de\/wp-json\/wp\/v2\/pages"}],"about":[{"href":"https:\/\/laurenspatzlaff.com\/de\/wp-json\/wp\/v2\/types\/page"}],"author":[{"embeddable":true,"href":"https:\/\/laurenspatzlaff.com\/de\/wp-json\/wp\/v2\/users\/1"}],"replies":[{"embeddable":true,"href":"https:\/\/laurenspatzlaff.com\/de\/wp-json\/wp\/v2\/comments?post=8"}],"version-history":[{"count":6,"href":"https:\/\/laurenspatzlaff.com\/de\/wp-json\/wp\/v2\/pages\/8\/revisions"}],"predecessor-version":[{"id":146,"href":"https:\/\/laurenspatzlaff.com\/de\/wp-json\/wp\/v2\/pages\/8\/revisions\/146"}],"wp:attachment":[{"href":"https:\/\/laurenspatzlaff.com\/de\/wp-json\/wp\/v2\/media?parent=8"}],"curies":[{"name":"wp","href":"https:\/\/api.w.org\/{rel}","templated":true}]}}